{"id":134,"date":"2023-06-14T14:55:14","date_gmt":"2023-06-14T14:55:14","guid":{"rendered":"https:\/\/sergiomcoach.com\/excel-programacion\/?page_id=134"},"modified":"2023-10-30T15:42:47","modified_gmt":"2023-10-30T15:42:47","slug":"formacion","status":"publish","type":"page","link":"https:\/\/sergiomcoach.com\/excel-programacion\/formacion\/","title":{"rendered":"Formacion"},"content":{"rendered":"\t\t<div data-elementor-type=\"wp-page\" data-elementor-id=\"134\" class=\"elementor elementor-134\">\n\t\t\t\t\t\t<section class=\"dce-visibility-event elementor-section elementor-top-section elementor-element elementor-element-9051965 elementor-section-height-min-height elementor-section-boxed elementor-section-height-default elementor-section-items-middle\" data-dce-background-overlay-image-url=\"https:\/\/sergiomcoach.com\/excel-programacion\/wp-content\/uploads\/2023\/06\/5594016-1.png\" data-id=\"9051965\" data-element_type=\"section\" data-e-type=\"section\" data-settings=\"{&quot;background_background&quot;:&quot;classic&quot;,&quot;enabled_visibility&quot;:&quot;yes&quot;,&quot;dce_visibility_selected&quot;:&quot;hide&quot;}\">\n\t\t\t\t\t\t\t<div class=\"elementor-background-overlay\"><\/div>\n\t\t\t\t\t\t\t<div class=\"elementor-container elementor-column-gap-default\">\n\t\t\t\t\t<div data-elementor-type=\"section\" data-elementor-id=\"148\" data-post-id=\"134\" data-obj-id=\"134\" class=\"elementor elementor-148 dce-elementor-post-134\">\n\t\t\t\t\t<div class=\"elementor-section-wrap\">\n\t\t\t\t\t\t\t\t<section class=\"elementor-section elementor-top-section elementor-element elementor-element-1f2c0d35 elementor-section-height-min-height elementor-section-full_width elementor-section-content-middle elementor-section-height-default elementor-section-items-middle\" data-id=\"1f2c0d35\" data-element_type=\"section\" data-e-type=\"section\">\n\t\t\t\t\t\t<div class=\"elementor-container elementor-column-gap-default\">\n\t\t\t\t\t<div class=\"elementor-column elementor-col-100 elementor-top-column elementor-element elementor-element-1508532c\" data-id=\"1508532c\" data-element_type=\"column\" data-e-type=\"column\">\n\t\t\t<div class=\"elementor-widget-wrap elementor-element-populated\">\n\t\t\t\t\t\t<div class=\"elementor-element elementor-element-2ded341 elementor-widget elementor-widget-spacer\" data-id=\"2ded341\" data-element_type=\"widget\" data-e-type=\"widget\" data-widget_type=\"spacer.default\">\n\t\t\t\t<div class=\"elementor-widget-container\">\n\t\t\t\t\t\t\t<div class=\"elementor-spacer\">\n\t\t\t<div class=\"elementor-spacer-inner\"><\/div>\n\t\t<\/div>\n\t\t\t\t\t\t<\/div>\n\t\t\t\t<\/div>\n\t\t\t\t<div class=\"elementor-element elementor-element-f27ba76 elementor-widget elementor-widget-heading\" data-id=\"f27ba76\" data-element_type=\"widget\" data-e-type=\"widget\" data-widget_type=\"heading.default\">\n\t\t\t\t<div class=\"elementor-widget-container\">\n\t\t\t\t\t<div class=\"elementor-heading-title elementor-size-default\">Esta formaci\u00f3n es exclusiva<\/div>\t\t\t\t<\/div>\n\t\t\t\t<\/div>\n\t\t\t\t<div class=\"elementor-element elementor-element-4e81d506 elementor-widget elementor-widget-heading\" data-id=\"4e81d506\" data-element_type=\"widget\" data-e-type=\"widget\" data-widget_type=\"heading.default\">\n\t\t\t\t<div class=\"elementor-widget-container\">\n\t\t\t\t\t<div class=\"elementor-heading-title elementor-size-default\">\u00bfTe gustar\u00eda entrar?<\/div>\t\t\t\t<\/div>\n\t\t\t\t<\/div>\n\t\t\t\t<section class=\"elementor-section elementor-inner-section elementor-element elementor-element-7a784575 elementor-section-boxed elementor-section-height-default elementor-section-height-default\" data-id=\"7a784575\" data-element_type=\"section\" data-e-type=\"section\">\n\t\t\t\t\t\t<div class=\"elementor-container elementor-column-gap-default\">\n\t\t\t\t\t<div class=\"elementor-column elementor-col-50 elementor-inner-column elementor-element elementor-element-6ebf33d5\" data-id=\"6ebf33d5\" data-element_type=\"column\" data-e-type=\"column\">\n\t\t\t<div class=\"elementor-widget-wrap elementor-element-populated\">\n\t\t\t\t\t\t<div class=\"elementor-element elementor-element-69c31305 elementor-align-right elementor-mobile-align-center elementor-widget elementor-widget-button\" data-id=\"69c31305\" data-element_type=\"widget\" data-e-type=\"widget\" data-widget_type=\"button.default\">\n\t\t\t\t<div class=\"elementor-widget-container\">\n\t\t\t\t\t\t\t\t\t<div class=\"elementor-button-wrapper\">\n\t\t\t\t\t<a class=\"elementor-button elementor-button-link elementor-size-sm\" href=\"https:\/\/sergiomcoach.com\/excel-programacion\/\">\n\t\t\t\t\t\t<span class=\"elementor-button-content-wrapper\">\n\t\t\t\t\t\t<span class=\"elementor-button-icon\">\n\t\t\t\t<i aria-hidden=\"true\" class=\"fas fa-shopping-cart\"><\/i>\t\t\t<\/span>\n\t\t\t\t\t\t\t\t\t<span class=\"elementor-button-text\">Comprar Pack<\/span>\n\t\t\t\t\t<\/span>\n\t\t\t\t\t<\/a>\n\t\t\t\t<\/div>\n\t\t\t\t\t\t\t\t<\/div>\n\t\t\t\t<\/div>\n\t\t\t\t\t<\/div>\n\t\t<\/div>\n\t\t\t\t<div class=\"elementor-column elementor-col-50 elementor-inner-column elementor-element elementor-element-571daf51\" data-id=\"571daf51\" data-element_type=\"column\" data-e-type=\"column\">\n\t\t\t<div class=\"elementor-widget-wrap elementor-element-populated\">\n\t\t\t\t\t\t<div class=\"elementor-element elementor-element-43fed308 elementor-align-left elementor-mobile-align-center elementor-widget elementor-widget-button\" data-id=\"43fed308\" data-element_type=\"widget\" data-e-type=\"widget\" data-widget_type=\"button.default\">\n\t\t\t\t<div class=\"elementor-widget-container\">\n\t\t\t\t\t\t\t\t\t<div class=\"elementor-button-wrapper\">\n\t\t\t\t\t<a class=\"elementor-button elementor-button-link elementor-size-sm\" href=\"https:\/\/sergiomcoach.com\/excel-programacion\/iniciar-sesion\">\n\t\t\t\t\t\t<span class=\"elementor-button-content-wrapper\">\n\t\t\t\t\t\t<span class=\"elementor-button-icon\">\n\t\t\t\t<i aria-hidden=\"true\" class=\"far fa-user\"><\/i>\t\t\t<\/span>\n\t\t\t\t\t\t\t\t\t<span class=\"elementor-button-text\">Iniciar sesi\u00f3n<\/span>\n\t\t\t\t\t<\/span>\n\t\t\t\t\t<\/a>\n\t\t\t\t<\/div>\n\t\t\t\t\t\t\t\t<\/div>\n\t\t\t\t<\/div>\n\t\t\t\t\t<\/div>\n\t\t<\/div>\n\t\t\t\t\t<\/div>\n\t\t<\/section>\n\t\t\t\t<div class=\"elementor-element elementor-element-581e78fa elementor-widget elementor-widget-spacer\" data-id=\"581e78fa\" data-element_type=\"widget\" data-e-type=\"widget\" data-widget_type=\"spacer.default\">\n\t\t\t\t<div class=\"elementor-widget-container\">\n\t\t\t\t\t\t\t<div class=\"elementor-spacer\">\n\t\t\t<div class=\"elementor-spacer-inner\"><\/div>\n\t\t<\/div>\n\t\t\t\t\t\t<\/div>\n\t\t\t\t<\/div>\n\t\t\t\t\t<\/div>\n\t\t<\/div>\n\t\t\t\t\t<\/div>\n\t\t<\/section>\n\t\t\t\t\t\t\t<\/div>\n\t\t\t\t<\/div>\n\t\t\t\t\t<\/div>\n\t\t<\/section>\n\t\t\t\t<\/div>\n\t\t","protected":false},"excerpt":{"rendered":"<p>\u00c1REA FORMACI\u00d3N EXCEL PROGRAMACI\u00d3N DEL ENTRENAMIENTO Clase 1 https:\/\/player.vimeo.com\/video\/835381809?h=6cb985e6ac&#038;badge=0&#038;autopause=0&#038;player_id=0&#038;app_id=58479 Tutorial Excel Programacion. Clase 2 https:\/\/player.vimeo.com\/video\/836907292?h=de4bf2ddc0&#038;badge=0&#038;autopause=0&#038;player_id=0&#038;app_id=58479 Tutorial archivo revisiones. Clase 3 https:\/\/player.vimeo.com\/video\/751802346?h=2378539b02&#038;badge=0&#038;autopause=0&#038;player_id=0&#038;app_id=58479 Manejo de la intensidad Clase 4 https:\/\/player.vimeo.com\/video\/836831599?h=5bef5b1471&#038;badge=0&#038;autopause=0&#038;player_id=0&#038;app_id=58479Est\u00edmulo y Fatiga Clase 5 https:\/\/player.vimeo.com\/video\/835895549?h=d7c5f56118&#038;badge=0&#038;autopause=0&#038;player_id=0&#038;app_id=58479Volumen de entrenamiento Clase 6 Nueva clase Descanso entre series Clase 7 Nueva clase Tutorial a\u00f1adir ejercicios Clase 8 Nueva clase Tutorial Google [&hellip;]<\/p>\n","protected":false},"author":1,"featured_media":0,"parent":0,"menu_order":0,"comment_status":"closed","ping_status":"closed","template":"elementor_canvas","meta":{"footnotes":""},"class_list":["post-134","page","type-page","status-publish","hentry"],"_links":{"self":[{"href":"https:\/\/sergiomcoach.com\/excel-programacion\/wp-json\/wp\/v2\/pages\/134","targetHints":{"allow":["GET"]}}],"collection":[{"href":"https:\/\/sergiomcoach.com\/excel-programacion\/wp-json\/wp\/v2\/pages"}],"about":[{"href":"https:\/\/sergiomcoach.com\/excel-programacion\/wp-json\/wp\/v2\/types\/page"}],"author":[{"embeddable":true,"href":"https:\/\/sergiomcoach.com\/excel-programacion\/wp-json\/wp\/v2\/users\/1"}],"replies":[{"embeddable":true,"href":"https:\/\/sergiomcoach.com\/excel-programacion\/wp-json\/wp\/v2\/comments?post=134"}],"version-history":[{"count":42,"href":"https:\/\/sergiomcoach.com\/excel-programacion\/wp-json\/wp\/v2\/pages\/134\/revisions"}],"predecessor-version":[{"id":396,"href":"https:\/\/sergiomcoach.com\/excel-programacion\/wp-json\/wp\/v2\/pages\/134\/revisions\/396"}],"wp:attachment":[{"href":"https:\/\/sergiomcoach.com\/excel-programacion\/wp-json\/wp\/v2\/media?parent=134"}],"curies":[{"name":"wp","href":"https:\/\/api.w.org\/{rel}","templated":true}]}}